










{"id":17781,"date":"2020-03-17T14:15:58","date_gmt":"2020-03-17T13:15:58","guid":{"rendered":"https:\/\/hh-hugohaeffner.tma-server.de\/company\/philosophy\/"},"modified":"2022-06-14T12:58:58","modified_gmt":"2022-06-14T10:58:58","slug":"philosophyandcompliance","status":"publish","type":"page","link":"https:\/\/hugo.dev.tma-server.de\/en\/aboutus\/philosophyandcompliance\/","title":{"rendered":"Philosophy and compliance"},"content":{"rendered":"\t\t<div data-elementor-type=\"wp-post\" data-elementor-id=\"17781\" class=\"elementor elementor-17781 elementor-210\" data-elementor-post-type=\"page\">\n\t\t\t\t\t\t<section class=\"elementor-section elementor-top-section elementor-element elementor-element-ba6cf17 elementor-section-boxed elementor-section-height-default elementor-section-height-default\" data-id=\"ba6cf17\" data-element_type=\"section\" data-settings=\"{&quot;jet_parallax_layout_list&quot;:[{&quot;jet_parallax_layout_image&quot;:{&quot;url&quot;:&quot;&quot;,&quot;id&quot;:&quot;&quot;,&quot;size&quot;:&quot;&quot;},&quot;_id&quot;:&quot;a0d2022&quot;,&quot;jet_parallax_layout_image_tablet&quot;:{&quot;url&quot;:&quot;&quot;,&quot;id&quot;:&quot;&quot;,&quot;size&quot;:&quot;&quot;},&quot;jet_parallax_layout_image_mobile&quot;:{&quot;url&quot;:&quot;&quot;,&quot;id&quot;:&quot;&quot;,&quot;size&quot;:&quot;&quot;},&quot;jet_parallax_layout_speed&quot;:{&quot;unit&quot;:&quot;%&quot;,&quot;size&quot;:50,&quot;sizes&quot;:[]},&quot;jet_parallax_layout_type&quot;:&quot;scroll&quot;,&quot;jet_parallax_layout_direction&quot;:null,&quot;jet_parallax_layout_fx_direction&quot;:null,&quot;jet_parallax_layout_z_index&quot;:&quot;&quot;,&quot;jet_parallax_layout_bg_x&quot;:50,&quot;jet_parallax_layout_bg_x_tablet&quot;:&quot;&quot;,&quot;jet_parallax_layout_bg_x_mobile&quot;:&quot;&quot;,&quot;jet_parallax_layout_bg_y&quot;:50,&quot;jet_parallax_layout_bg_y_tablet&quot;:&quot;&quot;,&quot;jet_parallax_layout_bg_y_mobile&quot;:&quot;&quot;,&quot;jet_parallax_layout_bg_size&quot;:&quot;auto&quot;,&quot;jet_parallax_layout_bg_size_tablet&quot;:&quot;&quot;,&quot;jet_parallax_layout_bg_size_mobile&quot;:&quot;&quot;,&quot;jet_parallax_layout_animation_prop&quot;:&quot;transform&quot;,&quot;jet_parallax_layout_on&quot;:[&quot;desktop&quot;,&quot;tablet&quot;]}]}\">\n\t\t\t\t\t\t<div class=\"elementor-container elementor-column-gap-no\">\n\t\t\t\t\t<div class=\"elementor-column elementor-col-100 elementor-top-column elementor-element elementor-element-6211b47\" data-id=\"6211b47\" data-element_type=\"column\">\n\t\t\t<div class=\"elementor-widget-wrap elementor-element-populated\">\n\t\t\t\t\t\t<div class=\"elementor-element elementor-element-353742d elementor-widget elementor-widget-heading\" data-id=\"353742d\" data-element_type=\"widget\" data-widget_type=\"heading.default\">\n\t\t\t\t<div class=\"elementor-widget-container\">\n\t\t\t<div class=\"elementor-heading-title elementor-size-xl\">H\u00e4ffner is a medium-sized family business rich in tradition<\/div>\t\t<\/div>\n\t\t\t\t<\/div>\n\t\t\t\t<section class=\"elementor-section elementor-inner-section elementor-element elementor-element-5bb6ad2 elementor-section-boxed elementor-section-height-default elementor-section-height-default\" data-id=\"5bb6ad2\" data-element_type=\"section\" data-settings=\"{&quot;jet_parallax_layout_list&quot;:[{&quot;jet_parallax_layout_image&quot;:{&quot;url&quot;:&quot;&quot;,&quot;id&quot;:&quot;&quot;,&quot;size&quot;:&quot;&quot;},&quot;_id&quot;:&quot;e381947&quot;,&quot;jet_parallax_layout_image_tablet&quot;:{&quot;url&quot;:&quot;&quot;,&quot;id&quot;:&quot;&quot;,&quot;size&quot;:&quot;&quot;},&quot;jet_parallax_layout_image_mobile&quot;:{&quot;url&quot;:&quot;&quot;,&quot;id&quot;:&quot;&quot;,&quot;size&quot;:&quot;&quot;},&quot;jet_parallax_layout_speed&quot;:{&quot;unit&quot;:&quot;%&quot;,&quot;size&quot;:50,&quot;sizes&quot;:[]},&quot;jet_parallax_layout_type&quot;:&quot;scroll&quot;,&quot;jet_parallax_layout_direction&quot;:null,&quot;jet_parallax_layout_fx_direction&quot;:null,&quot;jet_parallax_layout_z_index&quot;:&quot;&quot;,&quot;jet_parallax_layout_bg_x&quot;:50,&quot;jet_parallax_layout_bg_x_tablet&quot;:&quot;&quot;,&quot;jet_parallax_layout_bg_x_mobile&quot;:&quot;&quot;,&quot;jet_parallax_layout_bg_y&quot;:50,&quot;jet_parallax_layout_bg_y_tablet&quot;:&quot;&quot;,&quot;jet_parallax_layout_bg_y_mobile&quot;:&quot;&quot;,&quot;jet_parallax_layout_bg_size&quot;:&quot;auto&quot;,&quot;jet_parallax_layout_bg_size_tablet&quot;:&quot;&quot;,&quot;jet_parallax_layout_bg_size_mobile&quot;:&quot;&quot;,&quot;jet_parallax_layout_animation_prop&quot;:&quot;transform&quot;,&quot;jet_parallax_layout_on&quot;:[&quot;desktop&quot;,&quot;tablet&quot;]}]}\">\n\t\t\t\t\t\t<div class=\"elementor-container elementor-column-gap-default\">\n\t\t\t\t\t<div class=\"elementor-column elementor-col-50 elementor-inner-column elementor-element elementor-element-1a7070a\" data-id=\"1a7070a\" data-element_type=\"column\">\n\t\t\t<div class=\"elementor-widget-wrap elementor-element-populated\">\n\t\t\t\t\t\t<div class=\"elementor-element elementor-element-7130f79 elementor-widget elementor-widget-image\" data-id=\"7130f79\" data-element_type=\"widget\" data-widget_type=\"image.default\">\n\t\t\t\t<div class=\"elementor-widget-container\">\n\t\t\t\t\t\t\t\t\t\t\t\t\t<img decoding=\"async\" src=\"https:\/\/hugo.dev.tma-server.de\/wp-content\/uploads\/elementor\/thumbs\/team_prifile_1-qta1u640ntlnypwg1bigi3h026cdn72px4mwmjh9wc.png\" title=\"team_prifile_1\" alt=\"team_prifile_1\" loading=\"lazy\" \/>\t\t\t\t\t\t\t\t\t\t\t\t\t<\/div>\n\t\t\t\t<\/div>\n\t\t\t\t\t<\/div>\n\t\t<\/div>\n\t\t\t\t<div class=\"elementor-column elementor-col-50 elementor-inner-column elementor-element elementor-element-f59fa23\" data-id=\"f59fa23\" data-element_type=\"column\">\n\t\t\t<div class=\"elementor-widget-wrap elementor-element-populated\">\n\t\t\t\t\t\t<div class=\"elementor-element elementor-element-8c89e58 elementor-blockquote--skin-border elementor-blockquote--button-color-official elementor-widget elementor-widget-blockquote\" data-id=\"8c89e58\" data-element_type=\"widget\" data-widget_type=\"blockquote.default\">\n\t\t\t\t<div class=\"elementor-widget-container\">\n\t\t\t\t\t<blockquote class=\"elementor-blockquote\">\n\t\t\t<p class=\"elementor-blockquote__content\">\n\t\t\t\t<strong>\u201eWe are striving for the optimum, not for minimum solutions and simple performance of duty\u201d<\/h3>\n<p><strong>\u00a0<\/strong><\/p>\n\t\t\t<\/p>\n\t\t\t\t\t\t\t<div class=\"e-q-footer\">\n\t\t\t\t\t\t\t\t\t\t\t<cite class=\"elementor-blockquote__author\">J\u00fcrgen Martin, CEO <\/cite>\n\t\t\t\t\t\t\t\t\t\t\t\t\t\t<\/div>\n\t\t\t\t\t<\/blockquote>\n\t\t\t\t<\/div>\n\t\t\t\t<\/div>\n\t\t\t\t\t<\/div>\n\t\t<\/div>\n\t\t\t\t\t<\/div>\n\t\t<\/section>\n\t\t\t\t<div class=\"elementor-element elementor-element-f6b2b7f elementor-widget elementor-widget-spacer\" data-id=\"f6b2b7f\" data-element_type=\"widget\" data-widget_type=\"spacer.default\">\n\t\t\t\t<div class=\"elementor-widget-container\">\n\t\t\t\t\t<div class=\"elementor-spacer\">\n\t\t\t<div class=\"elementor-spacer-inner\"><\/div>\n\t\t<\/div>\n\t\t\t\t<\/div>\n\t\t\t\t<\/div>\n\t\t\t\t<div class=\"elementor-element elementor-element-da5ce5a elementor-widget elementor-widget-text-editor\" data-id=\"da5ce5a\" data-element_type=\"widget\" data-widget_type=\"text-editor.default\">\n\t\t\t\t<div class=\"elementor-widget-container\">\n\t\t\t\t\t\t\t<h1><span style=\"text-decoration: underline;\">Philosophy<\/span><\/h1><p>Long-standing industry know-how and qualified employees make us a competent partner when it comes to chemistry for our customers and suppliers. Reliability and flexibility are our distinguishing marks.\u00a0As a specialist for the sale and distribution of chemical raw materials we offer our customers and suppliers the safest and most effective channel and our employees an attractive workplace. We guarantee our customers consistent quality at the highest level and a high level of flexibility.<\/p><p>The H\u00e4ffner group has a strong reputation to be a pioneer concerning safety of humans and the environment. Our goal is not only to meet the legal provisions and regulations but to surpass them.<\/p><p>We have consistently followed this high goal we have set ourselves and we will keep working at it relentlessly in the future. H\u00e4ffner has driven the Responsible Care Pogram in the German Association of Chemical Trade and has been certified as one of the first companies. The Responsible Care initiative stands for the continuous improvement of health protection, environmental protection and safety in companies. It is an important contribution to sustainability.<\/p><div><div>\u00a0<\/div><\/div>\t\t\t\t\t\t<\/div>\n\t\t\t\t<\/div>\n\t\t\t\t<div class=\"elementor-element elementor-element-bbf11b7 elementor-view-default elementor-widget elementor-widget-icon\" data-id=\"bbf11b7\" data-element_type=\"widget\" data-widget_type=\"icon.default\">\n\t\t\t\t<div class=\"elementor-widget-container\">\n\t\t\t\t\t<div class=\"elementor-icon-wrapper\">\n\t\t\t<a class=\"elementor-icon elementor-animation-wobble-vertical\" href=\"https:\/\/hugo.dev.tma-server.de\/wp-content\/uploads\/2019\/10\/Leitlinien-des-Chemiehandels-1995.pdf\" target=\"_blank\">\n\t\t\t<i aria-hidden=\"true\" class=\"fas fa-file-pdf\"><\/i>\t\t\t<\/a>\n\t\t<\/div>\n\t\t\t\t<\/div>\n\t\t\t\t<\/div>\n\t\t\t\t<div class=\"elementor-element elementor-element-c264e78 elementor-widget elementor-widget-text-editor\" data-id=\"c264e78\" data-element_type=\"widget\" data-widget_type=\"text-editor.default\">\n\t\t\t\t<div class=\"elementor-widget-container\">\n\t\t\t\t\t\t\t<p>Guidelines of chemical trade (VCH)<\/p>\t\t\t\t\t\t<\/div>\n\t\t\t\t<\/div>\n\t\t\t\t<div class=\"elementor-element elementor-element-c11e890 elementor-widget elementor-widget-text-editor\" data-id=\"c11e890\" data-element_type=\"widget\" data-widget_type=\"text-editor.default\">\n\t\t\t\t<div class=\"elementor-widget-container\">\n\t\t\t\t\t\t\t<p>\u00a0<\/p><h1 style=\"text-align: justify;\"><span style=\"text-decoration-line: underline;\">Compliance<\/span><\/h1><div><p>Gleichstellung, Gleichbehandlung und Diversit\u00e4t betrachten wir bei H\u00e4ffner als selbstverst\u00e4ndlich. Daher halten wir die einschl\u00e4gigen gesetzlichen Anforderungen ein und verpflichten uns zur Integrit\u00e4t in der Unternehmensf\u00fchrung beim Umgang mit Kunden, Lieferanten und Mitbewerbern, sowie gegen\u00fcber Angestellten und der \u00d6ffentlichkeit.<\/p><p>H\u00e4ffner hat die Ethik- und Gesch\u00e4ftsprinzipien der FECC (The Association of Chemical Distributors) unterzeichnet.<\/p><p>At H\u00e4ffner, we regard equality, equal treatment and diversity as a matter of course. We therefore comply with the relevant legal requirements and are committed to integrity in corporate governance in our dealings with customers, suppliers and competitors, as well as with employees and the public.<\/p><p>H\u00e4ffner has signed the Ethical and Business Principles of FECC (The Association of Chemical Distributors).<\/p><p>The Ethical and Business Principles are a voluntary initiative of the signatory companies, expressing their commitment to uphold these ethical principles of business conduct. The companies undertake to comply consistently with the relevant laws, guidelines and regulations, both in spirit and in letter.<\/p><\/div>\t\t\t\t\t\t<\/div>\n\t\t\t\t<\/div>\n\t\t\t\t\t<\/div>\n\t\t<\/div>\n\t\t\t\t\t<\/div>\n\t\t<\/section>\n\t\t\t\t<section class=\"elementor-section elementor-top-section elementor-element elementor-element-ac5310f elementor-section-boxed elementor-section-height-default elementor-section-height-default\" data-id=\"ac5310f\" data-element_type=\"section\" data-settings=\"{&quot;jet_parallax_layout_list&quot;:[]}\">\n\t\t\t\t\t\t<div class=\"elementor-container elementor-column-gap-default\">\n\t\t\t\t\t<div class=\"elementor-column elementor-col-100 elementor-top-column elementor-element elementor-element-9084a9a\" data-id=\"9084a9a\" data-element_type=\"column\">\n\t\t\t<div class=\"elementor-widget-wrap elementor-element-populated\">\n\t\t\t\t\t\t<div class=\"elementor-element elementor-element-28e81e6 elementor-view-default elementor-widget elementor-widget-icon\" data-id=\"28e81e6\" data-element_type=\"widget\" data-widget_type=\"icon.default\">\n\t\t\t\t<div class=\"elementor-widget-container\">\n\t\t\t\t\t<div class=\"elementor-icon-wrapper\">\n\t\t\t<a class=\"elementor-icon elementor-animation-wobble-vertical\" href=\"https:\/\/www.hugohaeffner.com\/wp-content\/uploads\/2020\/03\/FECC-Grunds%C3%A4tze-deutsch.pdf\" target=\"_blank\">\n\t\t\t<i aria-hidden=\"true\" class=\"fas fa-file-pdf\"><\/i>\t\t\t<\/a>\n\t\t<\/div>\n\t\t\t\t<\/div>\n\t\t\t\t<\/div>\n\t\t\t\t\t<\/div>\n\t\t<\/div>\n\t\t\t\t\t<\/div>\n\t\t<\/section>\n\t\t\t\t<section class=\"elementor-section elementor-top-section elementor-element elementor-element-85480a7 elementor-section-boxed elementor-section-height-default elementor-section-height-default\" data-id=\"85480a7\" data-element_type=\"section\" data-settings=\"{&quot;jet_parallax_layout_list&quot;:[]}\">\n\t\t\t\t\t\t<div class=\"elementor-container elementor-column-gap-default\">\n\t\t\t\t\t<div class=\"elementor-column elementor-col-100 elementor-top-column elementor-element elementor-element-b9c73b5\" data-id=\"b9c73b5\" data-element_type=\"column\">\n\t\t\t<div class=\"elementor-widget-wrap elementor-element-populated\">\n\t\t\t\t\t\t<div class=\"elementor-element elementor-element-4f4ed6b elementor-widget elementor-widget-text-editor\" data-id=\"4f4ed6b\" data-element_type=\"widget\" data-widget_type=\"text-editor.default\">\n\t\t\t\t<div class=\"elementor-widget-container\">\n\t\t\t\t\t\t\t<p>FECC-Grunds\u00e4tze<\/p>\t\t\t\t\t\t<\/div>\n\t\t\t\t<\/div>\n\t\t\t\t\t<\/div>\n\t\t<\/div>\n\t\t\t\t\t<\/div>\n\t\t<\/section>\n\t\t\t\t<\/div>\n\t\t","protected":false},"excerpt":{"rendered":"<p>H\u00e4ffner is a medium-sized family business rich in tradition \u201eWe are striving for the optimum, not for minimum solutions and simple performance of duty\u201d \u00a0 J\u00fcrgen Martin, CEO Philosophy Long-standing industry know-how and qualified employees make us a competent partner when it comes to chemistry for our customers and suppliers. Reliability and flexibility are our [&hellip;]<\/p>\n","protected":false},"author":3,"featured_media":0,"parent":1617,"menu_order":4,"comment_status":"closed","ping_status":"closed","template":"","meta":{"_monsterinsights_skip_tracking":false,"_monsterinsights_sitenote_active":false,"_monsterinsights_sitenote_note":"","_monsterinsights_sitenote_category":0},"acf":[],"yoast_head":"<!-- This site is optimized with the Yoast SEO Premium plugin v20.8 (Yoast SEO v21.8.1) - https:\/\/yoast.com\/wordpress\/plugins\/seo\/ -->\n<title>Philosophy and compliance - Hugo H\u00e4ffner<\/title>\n<meta name=\"robots\" content=\"noindex, follow, max-snippet:-1, max-image-preview:large, max-video-preview:-1\" \/>\n<meta property=\"og:locale\" content=\"en_US\" \/>\n<meta property=\"og:type\" content=\"article\" \/>\n<meta property=\"og:title\" content=\"Philosophy and compliance\" \/>\n<meta property=\"og:description\" content=\"H\u00e4ffner is a medium-sized family business rich in tradition \u201eWe are striving for the optimum, not for minimum solutions and simple performance of duty\u201d \u00a0 J\u00fcrgen Martin, CEO Philosophy Long-standing industry know-how and qualified employees make us a competent partner when it comes to chemistry for our customers and suppliers. Reliability and flexibility are our [&hellip;]\" \/>\n<meta property=\"og:url\" content=\"https:\/\/hugo.dev.tma-server.de\/en\/aboutus\/philosophyandcompliance\/\" \/>\n<meta property=\"og:site_name\" content=\"Hugo H\u00e4ffner\" \/>\n<meta property=\"article:modified_time\" content=\"2022-06-14T10:58:58+00:00\" \/>\n<meta property=\"og:image\" content=\"https:\/\/hugo.dev.tma-server.de\/wp-content\/uploads\/elementor\/thumbs\/team_prifile_1-oi27u2u0cgs00l5qlkiec7e9sdzwasufmwhj2vc47w.png\" \/>\n<meta name=\"twitter:card\" content=\"summary_large_image\" \/>\n<meta name=\"twitter:label1\" content=\"Est. reading time\" \/>\n\t<meta name=\"twitter:data1\" content=\"2 minutes\" \/>\n<script type=\"application\/ld+json\" class=\"yoast-schema-graph\">{\"@context\":\"https:\/\/schema.org\",\"@graph\":[{\"@type\":\"WebPage\",\"@id\":\"https:\/\/hugo.dev.tma-server.de\/en\/aboutus\/philosophyandcompliance\/\",\"url\":\"https:\/\/hugo.dev.tma-server.de\/en\/aboutus\/philosophyandcompliance\/\",\"name\":\"Philosophy and compliance - Hugo H\u00e4ffner\",\"isPartOf\":{\"@id\":\"https:\/\/hugo.dev.tma-server.de\/en\/#website\"},\"datePublished\":\"2020-03-17T13:15:58+00:00\",\"dateModified\":\"2022-06-14T10:58:58+00:00\",\"breadcrumb\":{\"@id\":\"https:\/\/hugo.dev.tma-server.de\/en\/aboutus\/philosophyandcompliance\/#breadcrumb\"},\"inLanguage\":\"en-US\",\"potentialAction\":[{\"@type\":\"ReadAction\",\"target\":[\"https:\/\/hugo.dev.tma-server.de\/en\/aboutus\/philosophyandcompliance\/\"]}]},{\"@type\":\"BreadcrumbList\",\"@id\":\"https:\/\/hugo.dev.tma-server.de\/en\/aboutus\/philosophyandcompliance\/#breadcrumb\",\"itemListElement\":[{\"@type\":\"ListItem\",\"position\":1,\"name\":\"Startseite\",\"item\":\"https:\/\/hugo.dev.tma-server.de\/en\/\"},{\"@type\":\"ListItem\",\"position\":2,\"name\":\"About Us\",\"item\":\"https:\/\/hugo.dev.tma-server.de\/en\/aboutus\/\"},{\"@type\":\"ListItem\",\"position\":3,\"name\":\"Philosophy and compliance\"}]},{\"@type\":\"WebSite\",\"@id\":\"https:\/\/hugo.dev.tma-server.de\/en\/#website\",\"url\":\"https:\/\/hugo.dev.tma-server.de\/en\/\",\"name\":\"Hugo H\u00e4ffner\",\"description\":\"Hier stimmt die Verbindung!\",\"publisher\":{\"@id\":\"https:\/\/hugo.dev.tma-server.de\/en\/#organization\"},\"potentialAction\":[{\"@type\":\"SearchAction\",\"target\":{\"@type\":\"EntryPoint\",\"urlTemplate\":\"https:\/\/hugo.dev.tma-server.de\/en\/?s={search_term_string}\"},\"query-input\":\"required name=search_term_string\"}],\"inLanguage\":\"en-US\"},{\"@type\":\"Organization\",\"@id\":\"https:\/\/hugo.dev.tma-server.de\/en\/#organization\",\"name\":\"H\u00e4ffner GmbH & Co. KG\",\"url\":\"https:\/\/hugo.dev.tma-server.de\/en\/\",\"logo\":{\"@type\":\"ImageObject\",\"inLanguage\":\"en-US\",\"@id\":\"https:\/\/hugo.dev.tma-server.de\/en\/#\/schema\/logo\/image\/\",\"url\":\"https:\/\/hugo.dev.tma-server.de\/wp-content\/uploads\/2019\/07\/header_logo.png\",\"contentUrl\":\"https:\/\/hugo.dev.tma-server.de\/wp-content\/uploads\/2019\/07\/header_logo.png\",\"width\":538,\"height\":229,\"caption\":\"H\u00e4ffner GmbH & Co. KG\"},\"image\":{\"@id\":\"https:\/\/hugo.dev.tma-server.de\/en\/#\/schema\/logo\/image\/\"}}]}<\/script>\n<!-- \/ Yoast SEO Premium plugin. -->","yoast_head_json":{"title":"Philosophy and compliance - Hugo H\u00e4ffner","robots":{"index":"noindex","follow":"follow","max-snippet":"max-snippet:-1","max-image-preview":"max-image-preview:large","max-video-preview":"max-video-preview:-1"},"og_locale":"en_US","og_type":"article","og_title":"Philosophy and compliance","og_description":"H\u00e4ffner is a medium-sized family business rich in tradition \u201eWe are striving for the optimum, not for minimum solutions and simple performance of duty\u201d \u00a0 J\u00fcrgen Martin, CEO Philosophy Long-standing industry know-how and qualified employees make us a competent partner when it comes to chemistry for our customers and suppliers. Reliability and flexibility are our [&hellip;]","og_url":"https:\/\/hugo.dev.tma-server.de\/en\/aboutus\/philosophyandcompliance\/","og_site_name":"Hugo H\u00e4ffner","article_modified_time":"2022-06-14T10:58:58+00:00","og_image":[{"url":"https:\/\/hugo.dev.tma-server.de\/wp-content\/uploads\/elementor\/thumbs\/team_prifile_1-oi27u2u0cgs00l5qlkiec7e9sdzwasufmwhj2vc47w.png"}],"twitter_card":"summary_large_image","twitter_misc":{"Est. reading time":"2 minutes"},"schema":{"@context":"https:\/\/schema.org","@graph":[{"@type":"WebPage","@id":"https:\/\/hugo.dev.tma-server.de\/en\/aboutus\/philosophyandcompliance\/","url":"https:\/\/hugo.dev.tma-server.de\/en\/aboutus\/philosophyandcompliance\/","name":"Philosophy and compliance - Hugo H\u00e4ffner","isPartOf":{"@id":"https:\/\/hugo.dev.tma-server.de\/en\/#website"},"datePublished":"2020-03-17T13:15:58+00:00","dateModified":"2022-06-14T10:58:58+00:00","breadcrumb":{"@id":"https:\/\/hugo.dev.tma-server.de\/en\/aboutus\/philosophyandcompliance\/#breadcrumb"},"inLanguage":"en-US","potentialAction":[{"@type":"ReadAction","target":["https:\/\/hugo.dev.tma-server.de\/en\/aboutus\/philosophyandcompliance\/"]}]},{"@type":"BreadcrumbList","@id":"https:\/\/hugo.dev.tma-server.de\/en\/aboutus\/philosophyandcompliance\/#breadcrumb","itemListElement":[{"@type":"ListItem","position":1,"name":"Startseite","item":"https:\/\/hugo.dev.tma-server.de\/en\/"},{"@type":"ListItem","position":2,"name":"About Us","item":"https:\/\/hugo.dev.tma-server.de\/en\/aboutus\/"},{"@type":"ListItem","position":3,"name":"Philosophy and compliance"}]},{"@type":"WebSite","@id":"https:\/\/hugo.dev.tma-server.de\/en\/#website","url":"https:\/\/hugo.dev.tma-server.de\/en\/","name":"Hugo H\u00e4ffner","description":"Hier stimmt die Verbindung!","publisher":{"@id":"https:\/\/hugo.dev.tma-server.de\/en\/#organization"},"potentialAction":[{"@type":"SearchAction","target":{"@type":"EntryPoint","urlTemplate":"https:\/\/hugo.dev.tma-server.de\/en\/?s={search_term_string}"},"query-input":"required name=search_term_string"}],"inLanguage":"en-US"},{"@type":"Organization","@id":"https:\/\/hugo.dev.tma-server.de\/en\/#organization","name":"H\u00e4ffner GmbH & Co. KG","url":"https:\/\/hugo.dev.tma-server.de\/en\/","logo":{"@type":"ImageObject","inLanguage":"en-US","@id":"https:\/\/hugo.dev.tma-server.de\/en\/#\/schema\/logo\/image\/","url":"https:\/\/hugo.dev.tma-server.de\/wp-content\/uploads\/2019\/07\/header_logo.png","contentUrl":"https:\/\/hugo.dev.tma-server.de\/wp-content\/uploads\/2019\/07\/header_logo.png","width":538,"height":229,"caption":"H\u00e4ffner GmbH & Co. KG"},"image":{"@id":"https:\/\/hugo.dev.tma-server.de\/en\/#\/schema\/logo\/image\/"}}]}},"_links":{"self":[{"href":"https:\/\/hugo.dev.tma-server.de\/en\/wp-json\/wp\/v2\/pages\/17781"}],"collection":[{"href":"https:\/\/hugo.dev.tma-server.de\/en\/wp-json\/wp\/v2\/pages"}],"about":[{"href":"https:\/\/hugo.dev.tma-server.de\/en\/wp-json\/wp\/v2\/types\/page"}],"author":[{"embeddable":true,"href":"https:\/\/hugo.dev.tma-server.de\/en\/wp-json\/wp\/v2\/users\/3"}],"replies":[{"embeddable":true,"href":"https:\/\/hugo.dev.tma-server.de\/en\/wp-json\/wp\/v2\/comments?post=17781"}],"version-history":[{"count":6,"href":"https:\/\/hugo.dev.tma-server.de\/en\/wp-json\/wp\/v2\/pages\/17781\/revisions"}],"predecessor-version":[{"id":28051,"href":"https:\/\/hugo.dev.tma-server.de\/en\/wp-json\/wp\/v2\/pages\/17781\/revisions\/28051"}],"up":[{"embeddable":true,"href":"https:\/\/hugo.dev.tma-server.de\/en\/wp-json\/wp\/v2\/pages\/1617"}],"wp:attachment":[{"href":"https:\/\/hugo.dev.tma-server.de\/en\/wp-json\/wp\/v2\/media?parent=17781"}],"curies":[{"name":"wp","href":"https:\/\/api.w.org\/{rel}","templated":true}]}}